{"id":7221,"date":"2021-12-27T01:02:22","date_gmt":"2021-12-26T22:02:22","guid":{"rendered":"http:\/\/beyanouni.com\/tr\/?page_id=7221"},"modified":"2021-12-27T05:27:22","modified_gmt":"2021-12-27T02:27:22","slug":"resimler","status":"publish","type":"page","link":"https:\/\/beyanouni.com\/tr\/resimler\/","title":{"rendered":"Resimler"},"content":{"rendered":"<p>[et_pb_section fb_built=&#8221;1&#8243; disabled_on=&#8221;off|off|off&#8221; _builder_version=&#8221;4.9.11&#8243; _module_preset=&#8221;default&#8221; background_enable_color=&#8221;off&#8221; use_background_color_gradient=&#8221;on&#8221; background_color_gradient_start=&#8221;rgba(234,234,234,0.85)&#8221; background_color_gradient_end=&#8221;rgba(234,234,234,0.9)&#8221; background_color_gradient_type=&#8221;radial&#8221; background_color_gradient_overlays_image=&#8221;on&#8221; background_image=&#8221;http:\/\/beyanouni.com\/tr\/wp-content\/uploads\/2021\/08\/149323328283-300&#215;300.jpg&#8221; global_colors_info=&#8221;{}&#8221;][et_pb_row _builder_version=&#8221;4.9.11&#8243; custom_margin_tablet=&#8221;&#8221; custom_margin_phone=&#8221;-50px||||false|false&#8221; custom_margin_last_edited=&#8221;on|phone&#8221; custom_css_main_element=&#8221;display: flex;||flex-wrap: wrap;&#8221; locked=&#8221;off&#8221; global_colors_info=&#8221;{}&#8221; custom_css_main_element_last_edited=&#8221;on|desktop&#8221; custom_css_main_element_phone=&#8221;display: flex;||flex-wrap: wrap;&#8221;][et_pb_column type=&#8221;4_4&#8243; _builder_version=&#8221;4.9.11&#8243; custom_padding=&#8221;|||&#8221; global_colors_info=&#8221;{}&#8221; custom_padding__hover=&#8221;|||&#8221; custom_css_main_element_last_edited=&#8221;on|phone&#8221; custom_css_main_element_phone=&#8221;order: 2;&#8221;][et_pb_gallery gallery_ids=&#8221;6957,3198,6952,2128,6802,37,2942,2140,5628,5641,2941,5626,5620,5621,5622,2885,5617,2897,5616,5119,4422,2695,3195,3197,2896,2856,2150,2895,2134,2889,2890,2891,2135,2892,2893,2881,2894,2138,2888,2887,2886,2884,2883,2857,2143,2863,2853,2864,2882,2700,2851,2854,2152,2151,2149,2148,2144,2147,2146,2136,2137,2139,2141,2133,2132,2131,2129,2127,2125,2124,6836,6833&#8243; posts_number=&#8221;12&#8243; _builder_version=&#8221;4.9.11&#8243; _module_preset=&#8221;default&#8221; pagination_font=&#8221;|600|||||||&#8221; pagination_text_align=&#8221;center&#8221; text_orientation=&#8221;center&#8221; hover_enabled=&#8221;0&#8243; global_colors_info=&#8221;{}&#8221; sticky_enabled=&#8221;0&#8243; caption_font=&#8221;|600|||||||&#8221; caption_text_color=&#8221;#000000&#8243; title_font=&#8221;|600|||||||&#8221; title_line_height=&#8221;1.3em&#8221; title_font_size=&#8221;15px&#8221;][\/et_pb_gallery][\/et_pb_column][\/et_pb_row][\/et_pb_section]<\/p>\n","protected":false},"excerpt":{"rendered":"","protected":false},"author":1,"featured_media":0,"parent":0,"menu_order":0,"comment_status":"closed","ping_status":"closed","template":"","meta":{"_et_pb_use_builder":"on","_et_pb_old_content":"","_et_gb_content_width":"","footnotes":""},"class_list":["post-7221","page","type-page","status-publish","hentry"],"yoast_head":"<!-- This site is optimized with the Yoast SEO plugin v26.6 - https:\/\/yoast.com\/wordpress\/plugins\/seo\/ -->\n<title>Resimler - Prof. Dr. Muhammed Eb\u00fc&#039;l Feth El-Bey\u00e2n\u00fbn\u00ee<\/title>\n<meta name=\"robots\" content=\"index, follow, max-snippet:-1, max-image-preview:large, max-video-preview:-1\" \/>\n<link rel=\"canonical\" href=\"https:\/\/beyanouni.com\/tr\/resimler\/\" \/>\n<meta property=\"og:locale\" content=\"tr_TR\" \/>\n<meta property=\"og:type\" content=\"article\" \/>\n<meta property=\"og:title\" content=\"Resimler - Prof. Dr. Muhammed Eb\u00fc&#039;l Feth El-Bey\u00e2n\u00fbn\u00ee\" \/>\n<meta property=\"og:url\" content=\"https:\/\/beyanouni.com\/tr\/resimler\/\" \/>\n<meta property=\"og:site_name\" content=\"Prof. Dr. Muhammed Eb\u00fc&#039;l Feth El-Bey\u00e2n\u00fbn\u00ee\" \/>\n<meta property=\"article:modified_time\" content=\"2021-12-27T02:27:22+00:00\" \/>\n<meta name=\"twitter:card\" content=\"summary_large_image\" \/>\n<meta name=\"twitter:label1\" content=\"Tahmini okuma s\u00fcresi\" \/>\n\t<meta name=\"twitter:data1\" content=\"1 dakika\" \/>\n<script type=\"application\/ld+json\" class=\"yoast-schema-graph\">{\"@context\":\"https:\/\/schema.org\",\"@graph\":[{\"@type\":\"WebPage\",\"@id\":\"https:\/\/beyanouni.com\/tr\/resimler\/\",\"url\":\"https:\/\/beyanouni.com\/tr\/resimler\/\",\"name\":\"Resimler - Prof. Dr. Muhammed Eb\u00fc&#039;l Feth El-Bey\u00e2n\u00fbn\u00ee\",\"isPartOf\":{\"@id\":\"https:\/\/beyanouni.com\/tr\/#website\"},\"datePublished\":\"2021-12-26T22:02:22+00:00\",\"dateModified\":\"2021-12-27T02:27:22+00:00\",\"breadcrumb\":{\"@id\":\"https:\/\/beyanouni.com\/tr\/resimler\/#breadcrumb\"},\"inLanguage\":\"tr\",\"potentialAction\":[{\"@type\":\"ReadAction\",\"target\":[\"https:\/\/beyanouni.com\/tr\/resimler\/\"]}]},{\"@type\":\"BreadcrumbList\",\"@id\":\"https:\/\/beyanouni.com\/tr\/resimler\/#breadcrumb\",\"itemListElement\":[{\"@type\":\"ListItem\",\"position\":1,\"name\":\"Anasayfa\",\"item\":\"https:\/\/beyanouni.com\/tr\/\"},{\"@type\":\"ListItem\",\"position\":2,\"name\":\"Resimler\"}]},{\"@type\":\"WebSite\",\"@id\":\"https:\/\/beyanouni.com\/tr\/#website\",\"url\":\"https:\/\/beyanouni.com\/tr\/\",\"name\":\"Prof. Dr. Muhammed Eb\u00fc&#039;l Feth El-Bey\u00e2n\u00fbn\u00ee\",\"description\":\"Resmi site\",\"potentialAction\":[{\"@type\":\"SearchAction\",\"target\":{\"@type\":\"EntryPoint\",\"urlTemplate\":\"https:\/\/beyanouni.com\/tr\/?s={search_term_string}\"},\"query-input\":{\"@type\":\"PropertyValueSpecification\",\"valueRequired\":true,\"valueName\":\"search_term_string\"}}],\"inLanguage\":\"tr\"}]}<\/script>\n<!-- \/ Yoast SEO plugin. -->","yoast_head_json":{"title":"Resimler - Prof. Dr. Muhammed Eb\u00fc&#039;l Feth El-Bey\u00e2n\u00fbn\u00ee","robots":{"index":"index","follow":"follow","max-snippet":"max-snippet:-1","max-image-preview":"max-image-preview:large","max-video-preview":"max-video-preview:-1"},"canonical":"https:\/\/beyanouni.com\/tr\/resimler\/","og_locale":"tr_TR","og_type":"article","og_title":"Resimler - Prof. Dr. Muhammed Eb\u00fc&#039;l Feth El-Bey\u00e2n\u00fbn\u00ee","og_url":"https:\/\/beyanouni.com\/tr\/resimler\/","og_site_name":"Prof. Dr. Muhammed Eb\u00fc&#039;l Feth El-Bey\u00e2n\u00fbn\u00ee","article_modified_time":"2021-12-27T02:27:22+00:00","twitter_card":"summary_large_image","twitter_misc":{"Tahmini okuma s\u00fcresi":"1 dakika"},"schema":{"@context":"https:\/\/schema.org","@graph":[{"@type":"WebPage","@id":"https:\/\/beyanouni.com\/tr\/resimler\/","url":"https:\/\/beyanouni.com\/tr\/resimler\/","name":"Resimler - Prof. Dr. Muhammed Eb\u00fc&#039;l Feth El-Bey\u00e2n\u00fbn\u00ee","isPartOf":{"@id":"https:\/\/beyanouni.com\/tr\/#website"},"datePublished":"2021-12-26T22:02:22+00:00","dateModified":"2021-12-27T02:27:22+00:00","breadcrumb":{"@id":"https:\/\/beyanouni.com\/tr\/resimler\/#breadcrumb"},"inLanguage":"tr","potentialAction":[{"@type":"ReadAction","target":["https:\/\/beyanouni.com\/tr\/resimler\/"]}]},{"@type":"BreadcrumbList","@id":"https:\/\/beyanouni.com\/tr\/resimler\/#breadcrumb","itemListElement":[{"@type":"ListItem","position":1,"name":"Anasayfa","item":"https:\/\/beyanouni.com\/tr\/"},{"@type":"ListItem","position":2,"name":"Resimler"}]},{"@type":"WebSite","@id":"https:\/\/beyanouni.com\/tr\/#website","url":"https:\/\/beyanouni.com\/tr\/","name":"Prof. Dr. Muhammed Eb\u00fc&#039;l Feth El-Bey\u00e2n\u00fbn\u00ee","description":"Resmi site","potentialAction":[{"@type":"SearchAction","target":{"@type":"EntryPoint","urlTemplate":"https:\/\/beyanouni.com\/tr\/?s={search_term_string}"},"query-input":{"@type":"PropertyValueSpecification","valueRequired":true,"valueName":"search_term_string"}}],"inLanguage":"tr"}]}},"jetpack_sharing_enabled":true,"_links":{"self":[{"href":"https:\/\/beyanouni.com\/tr\/wp-json\/wp\/v2\/pages\/7221","targetHints":{"allow":["GET"]}}],"collection":[{"href":"https:\/\/beyanouni.com\/tr\/wp-json\/wp\/v2\/pages"}],"about":[{"href":"https:\/\/beyanouni.com\/tr\/wp-json\/wp\/v2\/types\/page"}],"author":[{"embeddable":true,"href":"https:\/\/beyanouni.com\/tr\/wp-json\/wp\/v2\/users\/1"}],"replies":[{"embeddable":true,"href":"https:\/\/beyanouni.com\/tr\/wp-json\/wp\/v2\/comments?post=7221"}],"version-history":[{"count":5,"href":"https:\/\/beyanouni.com\/tr\/wp-json\/wp\/v2\/pages\/7221\/revisions"}],"predecessor-version":[{"id":7229,"href":"https:\/\/beyanouni.com\/tr\/wp-json\/wp\/v2\/pages\/7221\/revisions\/7229"}],"wp:attachment":[{"href":"https:\/\/beyanouni.com\/tr\/wp-json\/wp\/v2\/media?parent=7221"}],"curies":[{"name":"wp","href":"https:\/\/api.w.org\/{rel}","templated":true}]}}